{"id":2,"date":"2015-10-13T13:55:03","date_gmt":"2015-10-13T11:55:03","guid":{"rendered":"https:\/\/www.fincas4you.com\/blog\/?page_id=2"},"modified":"2018-09-18T11:14:48","modified_gmt":"2018-09-18T09:14:48","slug":"willkommen-auf-unserem-fincas4you-blog","status":"publish","type":"page","link":"https:\/\/www.fincas4you.com\/blog\/","title":{"rendered":"Willkommen auf unserem fincas4you Blog!"},"content":{"rendered":"\n<style type=\"text\/css\" data-created_by=\"avia_inline_auto\" id=\"style-css-av-8zqs-01c287e5b4966da3a22d873f7fc4f86c\">\n.flex_column.av-8zqs-01c287e5b4966da3a22d873f7fc4f86c{\nborder-radius:0px 0px 0px 0px;\npadding:0px 0px 0px 0px;\n}\n<\/style>\n<div  class='flex_column av-8zqs-01c287e5b4966da3a22d873f7fc4f86c av_one_full  avia-builder-el-0  avia-builder-el-no-sibling  first flex_column_div av-zero-column-padding  '     ><p><div  data-slideshow-options=\"{&quot;animation&quot;:&quot;fade&quot;,&quot;autoplay&quot;:false,&quot;loop_autoplay&quot;:&quot;once&quot;,&quot;interval&quot;:5,&quot;loop_manual&quot;:&quot;manual-endless&quot;,&quot;autoplay_stopper&quot;:false,&quot;noNavigation&quot;:false,&quot;show_slide_delay&quot;:90}\" class='avia-content-slider avia-content-grid-active avia-content-slider1 avia-content-slider-odd  avia-builder-el-1  el_before_av_textblock  avia-builder-el-first  av-slideshow-ui av-control-default   av-no-slider-navigation av-slideshow-manual av-loop-once av-loop-manual-endless ' ><div class=\"avia-content-slider-inner\"><div class=\"slide-entry-wrap\"><article class='slide-entry flex_column  post-entry post-entry-1077 slide-entry-overview slide-loop-1 slide-parity-odd  av_one_third first real-thumbnail posttype-post post-format-standard' ><a href='https:\/\/www.fincas4you.com\/blog\/die-4-schoensten-hafenorte-mallorcas\/' data-rel='slide-1' class='slide-image' title='Die 4 sch\u00f6nsten Hafenorte Mallorcas'><img decoding=\"async\" fetchpriority=\"high\" width=\"495\" height=\"400\" src=\"https:\/\/www.fincas4you.com\/blog\/wp-content\/uploads\/2022\/08\/titelbild-495x400.jpg\" class=\"wp-image-1091 avia-img-lazy-loading-not-1091 attachment-portfolio size-portfolio wp-post-image\" alt=\"\" srcset=\"https:\/\/www.fincas4you.com\/blog\/wp-content\/uploads\/2022\/08\/titelbild-495x400.jpg 495w, https:\/\/www.fincas4you.com\/blog\/wp-content\/uploads\/2022\/08\/titelbild-845x684.jpg 845w\" sizes=\"(max-width: 495px) 100vw, 495px\" \/><\/a><div class=\"slide-content\"><header class=\"entry-content-header\" aria-label=\"Slide: Die 4 sch\u00f6nsten Hafenorte Mallorcas\"><h3 class='slide-entry-title entry-title ' ><a href='https:\/\/www.fincas4you.com\/blog\/die-4-schoensten-hafenorte-mallorcas\/' title='Die 4 sch\u00f6nsten Hafenorte Mallorcas'>Die 4 sch\u00f6nsten Hafenorte Mallorcas<\/a><\/h3><span class=\"av-vertical-delimiter\"><\/span><\/header><\/div><footer class=\"entry-footer\"><\/footer><\/article><article class='slide-entry flex_column  post-entry post-entry-961 slide-entry-overview slide-loop-2 slide-parity-even  av_one_third  real-thumbnail posttype-post post-format-standard' ><a href='https:\/\/www.fincas4you.com\/blog\/fuehrungen-ueber-die-dachterrasse-der-kathedrale\/' data-rel='slide-1' class='slide-image' title='F\u00fchrungen \u00fcber die Dachterrasse der Kathedrale'><img decoding=\"async\" fetchpriority=\"high\" width=\"495\" height=\"400\" src=\"https:\/\/www.fincas4you.com\/blog\/wp-content\/uploads\/2021\/12\/fuhrungen-uber-die-dachterasse-der-kathedrale-495x400.jpg\" class=\"wp-image-1093 avia-img-lazy-loading-not-1093 attachment-portfolio size-portfolio wp-post-image\" alt=\"\" srcset=\"https:\/\/www.fincas4you.com\/blog\/wp-content\/uploads\/2021\/12\/fuhrungen-uber-die-dachterasse-der-kathedrale-495x400.jpg 495w, https:\/\/www.fincas4you.com\/blog\/wp-content\/uploads\/2021\/12\/fuhrungen-uber-die-dachterasse-der-kathedrale-845x684.jpg 845w\" sizes=\"(max-width: 495px) 100vw, 495px\" \/><\/a><div class=\"slide-content\"><header class=\"entry-content-header\" aria-label=\"Slide: F\u00fchrungen \u00fcber die Dachterrasse der Kathedrale\"><h3 class='slide-entry-title entry-title ' ><a href='https:\/\/www.fincas4you.com\/blog\/fuehrungen-ueber-die-dachterrasse-der-kathedrale\/' title='F\u00fchrungen \u00fcber die Dachterrasse der Kathedrale'>F\u00fchrungen \u00fcber die Dachterrasse der Kathedrale<\/a><\/h3><span class=\"av-vertical-delimiter\"><\/span><\/header><\/div><footer class=\"entry-footer\"><\/footer><\/article><article class='slide-entry flex_column  post-entry post-entry-385 slide-entry-overview slide-loop-3 slide-parity-odd  av_one_third  real-thumbnail posttype-post post-format-standard' ><a href='https:\/\/www.fincas4you.com\/blog\/fuehrungen-kathedrale\/' data-rel='slide-1' class='slide-image' title='Ein Ausflugstipp f\u00fcr Palma: die Dachterrasse der Kathedrale!'><img decoding=\"async\" fetchpriority=\"high\" width=\"300\" height=\"300\" src=\"https:\/\/www.fincas4you.com\/blog\/wp-content\/uploads\/2016\/02\/Fahrrad_Kathedrale-PMI-1.jpg\" class=\"wp-image-399 avia-img-lazy-loading-not-399 attachment-portfolio size-portfolio wp-post-image\" alt=\"Fahrrad fahren in Palma\" srcset=\"https:\/\/www.fincas4you.com\/blog\/wp-content\/uploads\/2016\/02\/Fahrrad_Kathedrale-PMI-1.jpg 300w, https:\/\/www.fincas4you.com\/blog\/wp-content\/uploads\/2016\/02\/Fahrrad_Kathedrale-PMI-1-36x36.jpg 36w, https:\/\/www.fincas4you.com\/blog\/wp-content\/uploads\/2016\/02\/Fahrrad_Kathedrale-PMI-1-180x180.jpg 180w, https:\/\/www.fincas4you.com\/blog\/wp-content\/uploads\/2016\/02\/Fahrrad_Kathedrale-PMI-1-120x120.jpg 120w\" sizes=\"(max-width: 300px) 100vw, 300px\" \/><\/a><div class=\"slide-content\"><header class=\"entry-content-header\" aria-label=\"Slide: Ein Ausflugstipp f\u00fcr Palma: die Dachterrasse der Kathedrale!\"><h3 class='slide-entry-title entry-title ' ><a href='https:\/\/www.fincas4you.com\/blog\/fuehrungen-kathedrale\/' title='Ein Ausflugstipp f\u00fcr Palma: die Dachterrasse der Kathedrale!'>Ein Ausflugstipp f\u00fcr Palma: die Dachterrasse der Kathedrale!<\/a><\/h3><span class=\"av-vertical-delimiter\"><\/span><\/header><\/div><footer class=\"entry-footer\"><\/footer><\/article><\/div><div class=\"slide-entry-wrap\"><article class='slide-entry flex_column  post-entry post-entry-937 slide-entry-overview slide-loop-4 slide-parity-odd  av_one_third first real-thumbnail posttype-post post-format-standard' ><a href='https:\/\/www.fincas4you.com\/blog\/prima-klima-in-der-finca-warum-es-in-fincas-immer-so-angenehm-ist\/' data-rel='slide-1' class='slide-image' title='Prima Klima in der Finca &#8211; WARUM ES IN FINCAS IMMER SO ANGENEHM IST'><img decoding=\"async\" fetchpriority=\"high\" width=\"495\" height=\"400\" src=\"https:\/\/www.fincas4you.com\/blog\/wp-content\/uploads\/2018\/11\/Bild-3-495x400.jpg\" class=\"wp-image-940 avia-img-lazy-loading-not-940 attachment-portfolio size-portfolio wp-post-image\" alt=\"\" srcset=\"https:\/\/www.fincas4you.com\/blog\/wp-content\/uploads\/2018\/11\/Bild-3-495x400.jpg 495w, https:\/\/www.fincas4you.com\/blog\/wp-content\/uploads\/2018\/11\/Bild-3-845x684.jpg 845w\" sizes=\"(max-width: 495px) 100vw, 495px\" \/><\/a><div class=\"slide-content\"><header class=\"entry-content-header\" aria-label=\"Slide: Prima Klima in der Finca - WARUM ES IN FINCAS IMMER SO ANGENEHM IST\"><h3 class='slide-entry-title entry-title ' ><a href='https:\/\/www.fincas4you.com\/blog\/prima-klima-in-der-finca-warum-es-in-fincas-immer-so-angenehm-ist\/' title='Prima Klima in der Finca &#8211; WARUM ES IN FINCAS IMMER SO ANGENEHM IST'>Prima Klima in der Finca &#8211; WARUM ES IN FINCAS IMMER SO ANGENEHM IST<\/a><\/h3><span class=\"av-vertical-delimiter\"><\/span><\/header><\/div><footer class=\"entry-footer\"><\/footer><\/article><article class='slide-entry flex_column  post-entry post-entry-882 slide-entry-overview slide-loop-5 slide-parity-even  av_one_third  real-thumbnail posttype-post post-format-standard' ><a href='https:\/\/www.fincas4you.com\/blog\/silvester-auf-mallorca-2\/' data-rel='slide-1' class='slide-image' title='Silvester auf Mallorca'><img decoding=\"async\" fetchpriority=\"high\" width=\"495\" height=\"348\" src=\"https:\/\/www.fincas4you.com\/blog\/wp-content\/uploads\/2016\/12\/Silvester1-495x348.png\" class=\"wp-image-708 avia-img-lazy-loading-not-708 attachment-portfolio size-portfolio wp-post-image\" alt=\"\" \/><\/a><div class=\"slide-content\"><header class=\"entry-content-header\" aria-label=\"Slide: Silvester auf Mallorca\"><h3 class='slide-entry-title entry-title ' ><a href='https:\/\/www.fincas4you.com\/blog\/silvester-auf-mallorca-2\/' title='Silvester auf Mallorca'>Silvester auf Mallorca<\/a><\/h3><span class=\"av-vertical-delimiter\"><\/span><\/header><\/div><footer class=\"entry-footer\"><\/footer><\/article><article class='slide-entry flex_column  post-entry post-entry-827 slide-entry-overview slide-loop-6 slide-parity-odd  av_one_third  real-thumbnail posttype-post post-format-standard' ><a href='https:\/\/www.fincas4you.com\/blog\/tapalma2017\/' data-rel='slide-1' class='slide-image' title='Tapalma 2017, die besten Tapas Bars auf Mallorca!'><img decoding=\"async\" fetchpriority=\"high\" width=\"495\" height=\"400\" src=\"https:\/\/www.fincas4you.com\/blog\/wp-content\/uploads\/2017\/08\/TapasBar1-495x400.jpg\" class=\"wp-image-830 avia-img-lazy-loading-not-830 attachment-portfolio size-portfolio wp-post-image\" alt=\"Tapas Bars Palma\" srcset=\"https:\/\/www.fincas4you.com\/blog\/wp-content\/uploads\/2017\/08\/TapasBar1-495x400.jpg 495w, https:\/\/www.fincas4you.com\/blog\/wp-content\/uploads\/2017\/08\/TapasBar1-845x684.jpg 845w\" sizes=\"(max-width: 495px) 100vw, 495px\" \/><\/a><div class=\"slide-content\"><header class=\"entry-content-header\" aria-label=\"Slide: Tapalma 2017, die besten Tapas Bars auf Mallorca!\"><h3 class='slide-entry-title entry-title ' ><a href='https:\/\/www.fincas4you.com\/blog\/tapalma2017\/' title='Tapalma 2017, die besten Tapas Bars auf Mallorca!'>Tapalma 2017, die besten Tapas Bars auf Mallorca!<\/a><\/h3><span class=\"av-vertical-delimiter\"><\/span><\/header><\/div><footer class=\"entry-footer\"><\/footer><\/article><\/div><div class=\"slide-entry-wrap\"><article class='slide-entry flex_column  post-entry post-entry-781 slide-entry-overview slide-loop-7 slide-parity-odd  av_one_third first real-thumbnail posttype-post post-format-gallery' ><a href='https:\/\/www.fincas4you.com\/blog\/mama-ich-will-zurueck-in-unsere-finca-die-schoensten-fincas-auf-mallorca-fuer-familien\/' data-rel='slide-1' class='slide-image' title='\u201cMama, ich will zur\u00fcck in unsere Finca!\u201d &#8211; die sch\u00f6nsten Fincas auf Mallorca f\u00fcr Familien'><img decoding=\"async\" fetchpriority=\"high\" width=\"495\" height=\"400\" src=\"https:\/\/www.fincas4you.com\/blog\/wp-content\/uploads\/2017\/06\/Collage-495x400.jpg\" class=\"wp-image-783 avia-img-lazy-loading-not-783 attachment-portfolio size-portfolio wp-post-image\" alt=\"\" srcset=\"https:\/\/www.fincas4you.com\/blog\/wp-content\/uploads\/2017\/06\/Collage-495x400.jpg 495w, https:\/\/www.fincas4you.com\/blog\/wp-content\/uploads\/2017\/06\/Collage-845x684.jpg 845w\" sizes=\"(max-width: 495px) 100vw, 495px\" \/><\/a><div class=\"slide-content\"><header class=\"entry-content-header\" aria-label=\"Slide: \u201cMama, ich will zur\u00fcck in unsere Finca!\u201d - die sch\u00f6nsten Fincas auf Mallorca f\u00fcr Familien\"><h3 class='slide-entry-title entry-title ' ><a href='https:\/\/www.fincas4you.com\/blog\/mama-ich-will-zurueck-in-unsere-finca-die-schoensten-fincas-auf-mallorca-fuer-familien\/' title='\u201cMama, ich will zur\u00fcck in unsere Finca!\u201d &#8211; die sch\u00f6nsten Fincas auf Mallorca f\u00fcr Familien'>\u201cMama, ich will zur\u00fcck in unsere Finca!\u201d &#8211; die sch\u00f6nsten Fincas auf Mallorca f\u00fcr Familien<\/a><\/h3><span class=\"av-vertical-delimiter\"><\/span><\/header><\/div><footer class=\"entry-footer\"><\/footer><\/article><article class='slide-entry flex_column  post-entry post-entry-503 slide-entry-overview slide-loop-8 slide-parity-even  av_one_third  real-thumbnail posttype-post post-format-standard' ><a href='https:\/\/www.fincas4you.com\/blog\/il-chiringuito-die-besten-strandbars-mallorcas\/' data-rel='slide-1' class='slide-image' title='Il Chiringuito &#8211; die besten Strandbars Mallorcas'><img decoding=\"async\" fetchpriority=\"high\" width=\"495\" height=\"400\" src=\"https:\/\/www.fincas4you.com\/blog\/wp-content\/uploads\/2015\/12\/Britt-und-Alex-Wein4-e1450437897503-495x400.jpg\" class=\"wp-image-128 avia-img-lazy-loading-not-128 attachment-portfolio size-portfolio wp-post-image\" alt=\"\" srcset=\"https:\/\/www.fincas4you.com\/blog\/wp-content\/uploads\/2015\/12\/Britt-und-Alex-Wein4-e1450437897503-495x400.jpg 495w, https:\/\/www.fincas4you.com\/blog\/wp-content\/uploads\/2015\/12\/Britt-und-Alex-Wein4-e1450437897503-845x684.jpg 845w\" sizes=\"(max-width: 495px) 100vw, 495px\" \/><\/a><div class=\"slide-content\"><header class=\"entry-content-header\" aria-label=\"Slide: Il Chiringuito - die besten Strandbars Mallorcas\"><h3 class='slide-entry-title entry-title ' ><a href='https:\/\/www.fincas4you.com\/blog\/il-chiringuito-die-besten-strandbars-mallorcas\/' title='Il Chiringuito &#8211; die besten Strandbars Mallorcas'>Il Chiringuito &#8211; die besten Strandbars Mallorcas<\/a><\/h3><span class=\"av-vertical-delimiter\"><\/span><\/header><\/div><footer class=\"entry-footer\"><\/footer><\/article><article class='slide-entry flex_column  post-entry post-entry-723 slide-entry-overview slide-loop-9 slide-parity-odd  av_one_third  real-thumbnail posttype-post post-format-standard' ><a href='https:\/\/www.fincas4you.com\/blog\/valentinstag-2017-wie-waere-es-mit-einem-kurztrip-nach-mallorca\/' data-rel='slide-1' class='slide-image' title='Valentinstag 2017 \u2013 Wie w\u00e4re es mit einem Kurztrip nach Mallorca?'><img decoding=\"async\" fetchpriority=\"high\" width=\"495\" height=\"400\" src=\"https:\/\/www.fincas4you.com\/blog\/wp-content\/uploads\/2017\/02\/f480-495x400.png\" class=\"wp-image-726 avia-img-lazy-loading-not-726 attachment-portfolio size-portfolio wp-post-image\" alt=\"\" \/><\/a><div class=\"slide-content\"><header class=\"entry-content-header\" aria-label=\"Slide: Valentinstag 2017 \u2013 Wie w\u00e4re es mit einem Kurztrip nach Mallorca?\"><h3 class='slide-entry-title entry-title ' ><a href='https:\/\/www.fincas4you.com\/blog\/valentinstag-2017-wie-waere-es-mit-einem-kurztrip-nach-mallorca\/' title='Valentinstag 2017 \u2013 Wie w\u00e4re es mit einem Kurztrip nach Mallorca?'>Valentinstag 2017 \u2013 Wie w\u00e4re es mit einem Kurztrip nach Mallorca?<\/a><\/h3><span class=\"av-vertical-delimiter\"><\/span><\/header><\/div><footer class=\"entry-footer\"><\/footer><\/article><\/div><div class=\"slide-entry-wrap\"><article class='slide-entry flex_column  post-entry post-entry-686 slide-entry-overview slide-loop-10 slide-parity-odd  av_one_third first real-thumbnail posttype-post post-format-standard' ><a href='https:\/\/www.fincas4you.com\/blog\/tapalma-2016\/' data-rel='slide-1' class='slide-image' title='Gro\u00dfe Tapas-Party auf Mallorca'><img decoding=\"async\" fetchpriority=\"high\" width=\"424\" height=\"283\" src=\"https:\/\/www.fincas4you.com\/blog\/wp-content\/uploads\/2016\/07\/Hackbaellchen.jpg\" class=\"wp-image-609 avia-img-lazy-loading-not-609 attachment-portfolio size-portfolio wp-post-image\" alt=\"\" srcset=\"https:\/\/www.fincas4you.com\/blog\/wp-content\/uploads\/2016\/07\/Hackbaellchen.jpg 424w, https:\/\/www.fincas4you.com\/blog\/wp-content\/uploads\/2016\/07\/Hackbaellchen-300x200.jpg 300w\" sizes=\"(max-width: 424px) 100vw, 424px\" \/><\/a><div class=\"slide-content\"><header class=\"entry-content-header\" aria-label=\"Slide: Gro\u00dfe Tapas-Party auf Mallorca\"><h3 class='slide-entry-title entry-title ' ><a href='https:\/\/www.fincas4you.com\/blog\/tapalma-2016\/' title='Gro\u00dfe Tapas-Party auf Mallorca'>Gro\u00dfe Tapas-Party auf Mallorca<\/a><\/h3><span class=\"av-vertical-delimiter\"><\/span><\/header><\/div><footer class=\"entry-footer\"><\/footer><\/article><article class='slide-entry flex_column  post-entry post-entry-648 slide-entry-overview slide-loop-11 slide-parity-even  av_one_third  real-thumbnail posttype-post post-format-standard' ><a href='https:\/\/www.fincas4you.com\/blog\/gutschein-kalender-fuer-golfspieler\/' data-rel='slide-1' class='slide-image' title='Gutschein-Kalender f\u00fcr Golfspieler'><img decoding=\"async\" fetchpriority=\"high\" width=\"495\" height=\"400\" src=\"https:\/\/www.fincas4you.com\/blog\/wp-content\/uploads\/2016\/09\/Titel-495x400.jpg\" class=\"wp-image-650 avia-img-lazy-loading-not-650 attachment-portfolio size-portfolio wp-post-image\" alt=\"\" srcset=\"https:\/\/www.fincas4you.com\/blog\/wp-content\/uploads\/2016\/09\/Titel-495x400.jpg 495w, https:\/\/www.fincas4you.com\/blog\/wp-content\/uploads\/2016\/09\/Titel-845x684.jpg 845w\" sizes=\"(max-width: 495px) 100vw, 495px\" \/><\/a><div class=\"slide-content\"><header class=\"entry-content-header\" aria-label=\"Slide: Gutschein-Kalender f\u00fcr Golfspieler\"><h3 class='slide-entry-title entry-title ' ><a href='https:\/\/www.fincas4you.com\/blog\/gutschein-kalender-fuer-golfspieler\/' title='Gutschein-Kalender f\u00fcr Golfspieler'>Gutschein-Kalender f\u00fcr Golfspieler<\/a><\/h3><span class=\"av-vertical-delimiter\"><\/span><\/header><\/div><footer class=\"entry-footer\"><\/footer><\/article><article class='slide-entry flex_column  post-entry post-entry-636 slide-entry-overview slide-loop-12 slide-parity-odd  post-entry-last  av_one_third  real-thumbnail posttype-post post-format-standard' ><a href='https:\/\/www.fincas4you.com\/blog\/weinlese-auf-mallorca\/' data-rel='slide-1' class='slide-image' title='Weinlese auf Mallorca'><img decoding=\"async\" fetchpriority=\"high\" width=\"495\" height=\"400\" src=\"https:\/\/www.fincas4you.com\/blog\/wp-content\/uploads\/2016\/09\/Fotolia_94580679_M-495x400.jpg\" class=\"wp-image-641 avia-img-lazy-loading-not-641 attachment-portfolio size-portfolio wp-post-image\" alt=\"\" srcset=\"https:\/\/www.fincas4you.com\/blog\/wp-content\/uploads\/2016\/09\/Fotolia_94580679_M-495x400.jpg 495w, https:\/\/www.fincas4you.com\/blog\/wp-content\/uploads\/2016\/09\/Fotolia_94580679_M-845x684.jpg 845w\" sizes=\"(max-width: 495px) 100vw, 495px\" \/><\/a><div class=\"slide-content\"><header class=\"entry-content-header\" aria-label=\"Slide: Weinlese auf Mallorca\"><h3 class='slide-entry-title entry-title ' ><a href='https:\/\/www.fincas4you.com\/blog\/weinlese-auf-mallorca\/' title='Weinlese auf Mallorca'>Weinlese auf Mallorca<\/a><\/h3><span class=\"av-vertical-delimiter\"><\/span><\/header><\/div><footer class=\"entry-footer\"><\/footer><\/article><\/div><\/div><div class='pagination-wrap pagination-slider'><nav class='pagination'><span class='pagination-meta'>Seite 1 von 3<\/span><span class='current'>1<\/span><a href='https:\/\/www.fincas4you.com\/blog\/wp-json\/wp\/v2\/pages\/2\/?avia-element-paging=2' class='inactive next_page' >2<\/a><a href='https:\/\/www.fincas4you.com\/blog\/wp-json\/wp\/v2\/pages\/2\/?avia-element-paging=3' class='inactive' >3<\/a><\/nav>\n<\/div><\/div><br \/>\n<section  class='av_textblock_section av-8ou-12d45b7a81d755c38e3c0a211d07b06c '  ><div class='avia_textblock' ><\/div><\/section><\/p><\/div>\n","protected":false},"excerpt":{"rendered":"","protected":false},"author":1,"featured_media":0,"parent":0,"menu_order":0,"comment_status":"closed","ping_status":"open","template":"","meta":{"footnotes":""},"class_list":["post-2","page","type-page","status-publish","hentry"],"yoast_head":"<!-- This site is optimized with the Yoast SEO plugin v27.1.1 - https:\/\/yoast.com\/product\/yoast-seo-wordpress\/ -->\n<title>Willkommen auf fincas4you.com - Das Mallorca-Blog<\/title>\n<meta name=\"description\" content=\"Im Mallorca-Blog von fincas4you berichten wir \u00fcber die Hot Spots Mallorcas, Tipps f\u00fcr Ausfl\u00fcge, Insel-Trends und Neuigkeiten.\" \/>\n<meta name=\"robots\" content=\"index, follow, max-snippet:-1, max-image-preview:large, max-video-preview:-1\" \/>\n<link rel=\"canonical\" href=\"https:\/\/www.fincas4you.com\/blog\/\" \/>\n<meta property=\"og:locale\" content=\"de_DE\" \/>\n<meta property=\"og:type\" content=\"article\" \/>\n<meta property=\"og:title\" content=\"Willkommen auf fincas4you.com - Das Mallorca-Blog\" \/>\n<meta property=\"og:description\" content=\"Im Mallorca-Blog von fincas4you berichten wir \u00fcber die Hot Spots Mallorcas, Tipps f\u00fcr Ausfl\u00fcge, Insel-Trends und Neuigkeiten.\" \/>\n<meta property=\"og:url\" content=\"https:\/\/www.fincas4you.com\/blog\/\" \/>\n<meta property=\"og:site_name\" content=\"Fincas4you - Der Mallorca Blog\" \/>\n<meta property=\"article:publisher\" content=\"https:\/\/www.facebook.com\/mallorca.fincas\/\" \/>\n<meta property=\"article:modified_time\" content=\"2018-09-18T09:14:48+00:00\" \/>\n<meta name=\"twitter:card\" content=\"summary_large_image\" \/>\n<meta name=\"twitter:label1\" content=\"Gesch\u00e4tzte Lesezeit\" \/>\n\t<meta name=\"twitter:data1\" content=\"1\u00a0Minute\" \/>\n<script type=\"application\/ld+json\" class=\"yoast-schema-graph\">{\"@context\":\"https:\/\/schema.org\",\"@graph\":[{\"@type\":\"WebPage\",\"@id\":\"https:\/\/www.fincas4you.com\/blog\/\",\"url\":\"https:\/\/www.fincas4you.com\/blog\/\",\"name\":\"Willkommen auf fincas4you.com - Das Mallorca-Blog\",\"isPartOf\":{\"@id\":\"https:\/\/www.fincas4you.com\/blog\/#website\"},\"datePublished\":\"2015-10-13T11:55:03+00:00\",\"dateModified\":\"2018-09-18T09:14:48+00:00\",\"description\":\"Im Mallorca-Blog von fincas4you berichten wir \u00fcber die Hot Spots Mallorcas, Tipps f\u00fcr Ausfl\u00fcge, Insel-Trends und Neuigkeiten.\",\"breadcrumb\":{\"@id\":\"https:\/\/www.fincas4you.com\/blog\/#breadcrumb\"},\"inLanguage\":\"de\",\"potentialAction\":[{\"@type\":\"ReadAction\",\"target\":[\"https:\/\/www.fincas4you.com\/blog\/\"]}]},{\"@type\":\"BreadcrumbList\",\"@id\":\"https:\/\/www.fincas4you.com\/blog\/#breadcrumb\",\"itemListElement\":[{\"@type\":\"ListItem\",\"position\":1,\"name\":\"Startseite\",\"item\":\"https:\/\/www.fincas4you.com\/blog\/\"},{\"@type\":\"ListItem\",\"position\":2,\"name\":\"Willkommen auf unserem fincas4you Blog!\"}]},{\"@type\":\"WebSite\",\"@id\":\"https:\/\/www.fincas4you.com\/blog\/#website\",\"url\":\"https:\/\/www.fincas4you.com\/blog\/\",\"name\":\"Fincas4you - Der Mallorca Blog\",\"description\":\"\",\"publisher\":{\"@id\":\"https:\/\/www.fincas4you.com\/blog\/#organization\"},\"potentialAction\":[{\"@type\":\"SearchAction\",\"target\":{\"@type\":\"EntryPoint\",\"urlTemplate\":\"https:\/\/www.fincas4you.com\/blog\/?s={search_term_string}\"},\"query-input\":{\"@type\":\"PropertyValueSpecification\",\"valueRequired\":true,\"valueName\":\"search_term_string\"}}],\"inLanguage\":\"de\"},{\"@type\":\"Organization\",\"@id\":\"https:\/\/www.fincas4you.com\/blog\/#organization\",\"name\":\"fincas4you AG\",\"url\":\"https:\/\/www.fincas4you.com\/blog\/\",\"logo\":{\"@type\":\"ImageObject\",\"inLanguage\":\"de\",\"@id\":\"https:\/\/www.fincas4you.com\/blog\/#\/schema\/logo\/image\/\",\"url\":\"https:\/\/www.fincas4you.com\/blog\/wp-content\/uploads\/2015\/10\/fincas4you.png\",\"contentUrl\":\"https:\/\/www.fincas4you.com\/blog\/wp-content\/uploads\/2015\/10\/fincas4you.png\",\"width\":250,\"height\":90,\"caption\":\"fincas4you AG\"},\"image\":{\"@id\":\"https:\/\/www.fincas4you.com\/blog\/#\/schema\/logo\/image\/\"},\"sameAs\":[\"https:\/\/www.facebook.com\/mallorca.fincas\/\",\"https:\/\/www.instagram.com\/fincas4you\/\",\"https:\/\/www.youtube.com\/c\/Fincas4you\"]}]}<\/script>\n<!-- \/ Yoast SEO plugin. -->","yoast_head_json":{"title":"Willkommen auf fincas4you.com - Das Mallorca-Blog","description":"Im Mallorca-Blog von fincas4you berichten wir \u00fcber die Hot Spots Mallorcas, Tipps f\u00fcr Ausfl\u00fcge, Insel-Trends und Neuigkeiten.","robots":{"index":"index","follow":"follow","max-snippet":"max-snippet:-1","max-image-preview":"max-image-preview:large","max-video-preview":"max-video-preview:-1"},"canonical":"https:\/\/www.fincas4you.com\/blog\/","og_locale":"de_DE","og_type":"article","og_title":"Willkommen auf fincas4you.com - Das Mallorca-Blog","og_description":"Im Mallorca-Blog von fincas4you berichten wir \u00fcber die Hot Spots Mallorcas, Tipps f\u00fcr Ausfl\u00fcge, Insel-Trends und Neuigkeiten.","og_url":"https:\/\/www.fincas4you.com\/blog\/","og_site_name":"Fincas4you - Der Mallorca Blog","article_publisher":"https:\/\/www.facebook.com\/mallorca.fincas\/","article_modified_time":"2018-09-18T09:14:48+00:00","twitter_card":"summary_large_image","twitter_misc":{"Gesch\u00e4tzte Lesezeit":"1\u00a0Minute"},"schema":{"@context":"https:\/\/schema.org","@graph":[{"@type":"WebPage","@id":"https:\/\/www.fincas4you.com\/blog\/","url":"https:\/\/www.fincas4you.com\/blog\/","name":"Willkommen auf fincas4you.com - Das Mallorca-Blog","isPartOf":{"@id":"https:\/\/www.fincas4you.com\/blog\/#website"},"datePublished":"2015-10-13T11:55:03+00:00","dateModified":"2018-09-18T09:14:48+00:00","description":"Im Mallorca-Blog von fincas4you berichten wir \u00fcber die Hot Spots Mallorcas, Tipps f\u00fcr Ausfl\u00fcge, Insel-Trends und Neuigkeiten.","breadcrumb":{"@id":"https:\/\/www.fincas4you.com\/blog\/#breadcrumb"},"inLanguage":"de","potentialAction":[{"@type":"ReadAction","target":["https:\/\/www.fincas4you.com\/blog\/"]}]},{"@type":"BreadcrumbList","@id":"https:\/\/www.fincas4you.com\/blog\/#breadcrumb","itemListElement":[{"@type":"ListItem","position":1,"name":"Startseite","item":"https:\/\/www.fincas4you.com\/blog\/"},{"@type":"ListItem","position":2,"name":"Willkommen auf unserem fincas4you Blog!"}]},{"@type":"WebSite","@id":"https:\/\/www.fincas4you.com\/blog\/#website","url":"https:\/\/www.fincas4you.com\/blog\/","name":"Fincas4you - Der Mallorca Blog","description":"","publisher":{"@id":"https:\/\/www.fincas4you.com\/blog\/#organization"},"potentialAction":[{"@type":"SearchAction","target":{"@type":"EntryPoint","urlTemplate":"https:\/\/www.fincas4you.com\/blog\/?s={search_term_string}"},"query-input":{"@type":"PropertyValueSpecification","valueRequired":true,"valueName":"search_term_string"}}],"inLanguage":"de"},{"@type":"Organization","@id":"https:\/\/www.fincas4you.com\/blog\/#organization","name":"fincas4you AG","url":"https:\/\/www.fincas4you.com\/blog\/","logo":{"@type":"ImageObject","inLanguage":"de","@id":"https:\/\/www.fincas4you.com\/blog\/#\/schema\/logo\/image\/","url":"https:\/\/www.fincas4you.com\/blog\/wp-content\/uploads\/2015\/10\/fincas4you.png","contentUrl":"https:\/\/www.fincas4you.com\/blog\/wp-content\/uploads\/2015\/10\/fincas4you.png","width":250,"height":90,"caption":"fincas4you AG"},"image":{"@id":"https:\/\/www.fincas4you.com\/blog\/#\/schema\/logo\/image\/"},"sameAs":["https:\/\/www.facebook.com\/mallorca.fincas\/","https:\/\/www.instagram.com\/fincas4you\/","https:\/\/www.youtube.com\/c\/Fincas4you"]}]}},"_links":{"self":[{"href":"https:\/\/www.fincas4you.com\/blog\/wp-json\/wp\/v2\/pages\/2","targetHints":{"allow":["GET"]}}],"collection":[{"href":"https:\/\/www.fincas4you.com\/blog\/wp-json\/wp\/v2\/pages"}],"about":[{"href":"https:\/\/www.fincas4you.com\/blog\/wp-json\/wp\/v2\/types\/page"}],"author":[{"embeddable":true,"href":"https:\/\/www.fincas4you.com\/blog\/wp-json\/wp\/v2\/users\/1"}],"replies":[{"embeddable":true,"href":"https:\/\/www.fincas4you.com\/blog\/wp-json\/wp\/v2\/comments?post=2"}],"version-history":[{"count":5,"href":"https:\/\/www.fincas4you.com\/blog\/wp-json\/wp\/v2\/pages\/2\/revisions"}],"predecessor-version":[{"id":919,"href":"https:\/\/www.fincas4you.com\/blog\/wp-json\/wp\/v2\/pages\/2\/revisions\/919"}],"wp:attachment":[{"href":"https:\/\/www.fincas4you.com\/blog\/wp-json\/wp\/v2\/media?parent=2"}],"curies":[{"name":"wp","href":"https:\/\/api.w.org\/{rel}","templated":true}]}}